{"id":66613,"date":"2018-05-02T15:25:37","date_gmt":"2018-05-02T12:25:37","guid":{"rendered":"https:\/\/roinworld.ae\/documentation\/"},"modified":"2025-11-20T13:44:32","modified_gmt":"2025-11-20T10:44:32","slug":"documentacion","status":"publish","type":"page","link":"https:\/\/roinworld.ae\/es\/documentacion\/","title":{"rendered":"Documentaci\u00f3n"},"content":{"rendered":"<p>[vc_row][vc_column width=\u00bb1\/1&#8243;][vc_column_text]<\/p>\n<h1>Certificaci\u00f3n<\/h1>\n<p>La Compa\u00f1\u00eda est\u00e1 comprometida con el mantenimiento de los m\u00e1s altos est\u00e1ndares de calidad, con un sistema de gesti\u00f3n <strong>totalmente alineado con las certificaciones internacionales<\/strong>: ISO 9001:2015 (Gesti\u00f3n de la Calidad), ISO 14001:2015 (Gesti\u00f3n Ambiental) e ISO 45001:2018 (Seguridad y Salud en el Trabajo).<\/p>\n<p>La Compa\u00f1\u00eda <strong>implementa activamente medidas para reducir las emisiones de CO\u2082<\/strong> y garantiza que todas sus sucursales participen en programas anuales de desarrollo profesional.<\/p>\n<p>Adem\u00e1s, cada proyecto se somete a auditor\u00edas integrales por parte de los <strong>contratistas EPC<\/strong> como parte de las obligaciones contractuales, incluyendo verificaciones del cumplimiento de las normas de seguridad y salud, control de calidad del dise\u00f1o, gesti\u00f3n adecuada de la documentaci\u00f3n del proyecto y un ciclo completo de inspecciones para mantener los m\u00e1s altos est\u00e1ndares de calidad en el sector de la energ\u00eda nuclear.[\/vc_column_text][\/vc_column][\/vc_row][vc_row][vc_column width=\u00bb1\/3&#8243;][vc_single_image media=\u00bb67029&#8243; media_lightbox=\u00bbyes\u00bb media_width_percent=\u00bb100&#8243; alignment=\u00bbcenter\u00bb][\/vc_column][vc_column width=\u00bb1\/3&#8243;][vc_single_image media=\u00bb67034&#8243; media_lightbox=\u00bbyes\u00bb media_width_percent=\u00bb100&#8243; alignment=\u00bbcenter\u00bb][\/vc_column][vc_column width=\u00bb1\/3&#8243;][vc_single_image media=\u00bb67039&#8243; media_lightbox=\u00bbyes\u00bb media_width_percent=\u00bb100&#8243; alignment=\u00bbcenter\u00bb][\/vc_column][\/vc_row]<\/p>\n","protected":false},"excerpt":{"rendered":"<p>[vc_row][vc_column width=\u00bb1\/1&#8243;][vc_column_text] Certificaci\u00f3n La Compa\u00f1\u00eda est\u00e1 comprometida con el mantenimiento de los m\u00e1s altos est\u00e1ndares de calidad, con un sistema [&hellip;]<\/p>\n","protected":false},"author":1,"featured_media":0,"parent":0,"menu_order":0,"comment_status":"closed","ping_status":"open","template":"","meta":{"footnotes":""},"class_list":["post-66613","page","type-page","status-publish","hentry"],"_links":{"self":[{"href":"https:\/\/roinworld.ae\/es\/wp-json\/wp\/v2\/pages\/66613","targetHints":{"allow":["GET"]}}],"collection":[{"href":"https:\/\/roinworld.ae\/es\/wp-json\/wp\/v2\/pages"}],"about":[{"href":"https:\/\/roinworld.ae\/es\/wp-json\/wp\/v2\/types\/page"}],"author":[{"embeddable":true,"href":"https:\/\/roinworld.ae\/es\/wp-json\/wp\/v2\/users\/1"}],"replies":[{"embeddable":true,"href":"https:\/\/roinworld.ae\/es\/wp-json\/wp\/v2\/comments?post=66613"}],"version-history":[{"count":3,"href":"https:\/\/roinworld.ae\/es\/wp-json\/wp\/v2\/pages\/66613\/revisions"}],"predecessor-version":[{"id":88100,"href":"https:\/\/roinworld.ae\/es\/wp-json\/wp\/v2\/pages\/66613\/revisions\/88100"}],"wp:attachment":[{"href":"https:\/\/roinworld.ae\/es\/wp-json\/wp\/v2\/media?parent=66613"}],"curies":[{"name":"wp","href":"https:\/\/api.w.org\/{rel}","templated":true}]}}