{"id":65806,"date":"2017-11-26T14:59:25","date_gmt":"2017-11-26T11:59:25","guid":{"rendered":"http:\/\/roinworld.com\/proekti\/"},"modified":"2025-11-20T19:03:22","modified_gmt":"2025-11-20T16:03:22","slug":"proyectos","status":"publish","type":"page","link":"https:\/\/roinworld.ae\/es\/proyectos\/","title":{"rendered":"Proyectos"},"content":{"rendered":"<h3>REALIZADOS<\/h3>\n<p>Entre 2012 y 2014, la empresa particip\u00f3 en el programa de construcci\u00f3n de nuevas unidades de generaci\u00f3n de energ\u00eda en la <strong>central nuclear de Novovoronezh<\/strong>, a cargo de la Corporaci\u00f3n Estatal Rosatom.<\/p>\n<p>Se llev\u00f3 a cabo una importante obra de construcci\u00f3n e instalaci\u00f3n en las instalaciones de la central nuclear de Novovoronezh. Entre ellas: instalaci\u00f3n de sistemas de calefacci\u00f3n, ventilaci\u00f3n y aire acondicionado (HVAC), instalaci\u00f3n de ascensores, soluciones arquitect\u00f3nicas y constructivas (acabados, fachadas ventiladas, etc.), y trabajos el\u00e9ctricos (incluidos sistemas de iluminaci\u00f3n, instrumentaci\u00f3n y control, sistemas de control de procesos y sistemas de instrumentaci\u00f3n y control).<\/p>\n<p>Tambi\u00e9n se instalaron diversos sistemas contra incendios en los siguientes edificios: \u00abEdificio de ingenier\u00eda y servicios\u00bb, \u00abEdificio de m\u00e1quinas frigor\u00edficas\u00bb, \u00abPlantas de tratamiento de aguas pluviales\u00bb, \u00abPlantas de tratamiento de aguas residuales dom\u00e9sticas\u00bb y \u00abComplejo de estaciones de bomberos\u00bb.<\/p>\n<h3>ACTUALES<\/h3>\n<h4>Proyecto de la central nuclear de Ruppur, Rep\u00fablica Popular de Bangladesh<\/h4>\n<p>Roin World Company fue una de las primeras subcontratistas en incorporarse al proyecto, la primera de Europa, y a pesar de la distancia geogr\u00e1fica y otras complicaciones, ha cumplido con \u00e9xito y contin\u00faa fortaleciendo su posici\u00f3n a\u00f1o tras a\u00f1o.<\/p>\n<p>La participaci\u00f3n de la empresa abarca todo el ciclo de vida del proyecto, desde la preparaci\u00f3n del terreno, las obras de cimentaci\u00f3n y la construcci\u00f3n de infraestructura hasta trabajos especializados de ingenier\u00eda nuclear, la supervisi\u00f3n de la producci\u00f3n de equipos, la log\u00edstica e instalaciones, la puesta en marcha y la entrega llave en mano. Esta amplia experiencia demuestra la capacidad t\u00e9cnica de la empresa, su pericia multidisciplinar y destaca su fiabilidad como contratista principal en el sector de la construcci\u00f3n nuclear.<\/p>\n<h4>Rep\u00fablica \u00c1rabe de Egipto, Central Nuclear de El-Dabaa<\/h4>\n<p>Roin World ha participado activamente en las labores preparatorias y actualmente lleva a cabo con \u00e9xito actividades de construcci\u00f3n en la Rep\u00fablica \u00c1rabe de Egipto. Se ha firmado un acuerdo de colaboraci\u00f3n con las empresas surcoreanas Korea Hydro and Nuclear Power (KHNP) y Doosan Energy para la construcci\u00f3n de las instalaciones de la isla de turbinas y la sala de turbinas.<\/p>\n<p>Adem\u00e1s, la empresa ha asumido la prestaci\u00f3n de una gama completa de servicios de apoyo, incluyendo limpieza y alimentaci\u00f3n para m\u00e1s de 5000 personas, aprovechando su exitosa experiencia previa en la Rep\u00fablica Popular de Bangladesh.<\/p>\n","protected":false},"excerpt":{"rendered":"<p>REALIZADOS Entre 2012 y 2014, la empresa particip\u00f3 en el programa de construcci\u00f3n de nuevas unidades de generaci\u00f3n de energ\u00eda [&hellip;]<\/p>\n","protected":false},"author":1,"featured_media":0,"parent":0,"menu_order":0,"comment_status":"closed","ping_status":"open","template":"","meta":{"footnotes":""},"class_list":["post-65806","page","type-page","status-publish","hentry"],"_links":{"self":[{"href":"https:\/\/roinworld.ae\/es\/wp-json\/wp\/v2\/pages\/65806","targetHints":{"allow":["GET"]}}],"collection":[{"href":"https:\/\/roinworld.ae\/es\/wp-json\/wp\/v2\/pages"}],"about":[{"href":"https:\/\/roinworld.ae\/es\/wp-json\/wp\/v2\/types\/page"}],"author":[{"embeddable":true,"href":"https:\/\/roinworld.ae\/es\/wp-json\/wp\/v2\/users\/1"}],"replies":[{"embeddable":true,"href":"https:\/\/roinworld.ae\/es\/wp-json\/wp\/v2\/comments?post=65806"}],"version-history":[{"count":4,"href":"https:\/\/roinworld.ae\/es\/wp-json\/wp\/v2\/pages\/65806\/revisions"}],"predecessor-version":[{"id":88154,"href":"https:\/\/roinworld.ae\/es\/wp-json\/wp\/v2\/pages\/65806\/revisions\/88154"}],"wp:attachment":[{"href":"https:\/\/roinworld.ae\/es\/wp-json\/wp\/v2\/media?parent=65806"}],"curies":[{"name":"wp","href":"https:\/\/api.w.org\/{rel}","templated":true}]}}