{"id":65800,"date":"2017-10-24T02:09:55","date_gmt":"2017-10-23T23:09:55","guid":{"rendered":"http:\/\/roinworld.com\/o-kompanii\/"},"modified":"2025-11-20T14:38:51","modified_gmt":"2025-11-20T11:38:51","slug":"o-kompanii","status":"publish","type":"page","link":"https:\/\/roinworld.ae\/es\/o-kompanii\/","title":{"rendered":"Sobre la Empresa"},"content":{"rendered":"<p>Fundada en 2011 por su director ejecutivo, Roin Baratashvili.<\/p>\n<p>La empresa cuenta con un equipo de profesionales <strong>con amplia experiencia en la construcci\u00f3n de centrales nucleares, el sector inmobiliario, la log\u00edstica y el suministro de materiales y equipos<\/strong>.<\/p>\n<p>Su objetivo es <strong>abordar de forma integral los retos de cualquier complejidad<\/strong>, desde los trabajos preparatorios y de estudio hasta la puesta en marcha y el arranque de las centrales.<\/p>\n<h2>MISI\u00d3N:<\/h2>\n<p>Reforzar la posici\u00f3n de liderazgo de la empresa en el mercado de la construcci\u00f3n industrial, mediante la implementaci\u00f3n de objetivos, ofreciendo alta calidad a un coste \u00f3ptimo y en un plazo de ejecuci\u00f3n m\u00ednimo.<\/p>\n<p><strong>VENTAJAS COMETITIVAS:<\/strong><\/p>\n<ul>\n<li>Los principios fundamentales de nuestra empresa se basan en la transparencia, la colaboraci\u00f3n, la integridad y la responsabilidad.<\/li>\n<li>Logro de los objetivos. A lo largo de los a\u00f1os de trabajo exitoso, hemos acumulado una amplia experiencia pr\u00e1ctica que nos permite ofrecer soluciones \u00f3ptimas a nuestros clientes.<\/li>\n<li>Cooperaci\u00f3n productiva y a largo plazo con nuestros clientes: empresas l\u00edderes en la construcci\u00f3n de centrales nucleares en todo el mundo.<\/li>\n<li>En cuanto al desarrollo profesional y la construcci\u00f3n de carrera, nuestra empresa crece r\u00e1pidamente cada d\u00eda, y nuestro equipo de profesionales crece al mismo ritmo que la empresa.<\/li>\n<li>En el \u00e1mbito de los proyectos internacionales, la empresa participa en la construcci\u00f3n de centrales nucleares en diferentes pa\u00edses: Ruppur (Rep\u00fablica Popular de Bangladesh), Akkuyu (Turqu\u00eda).<\/li>\n<\/ul>\n<h2>HISTORIA:<\/h2>\n<p>20 UMA &#8211; Salas de turbinas nucleares, instalaci\u00f3n de estructuras de acero, paneles s\u00e1ndwich, cubierta, protecci\u00f3n contra incendios<br \/>\n00 UGW &#8211; Zona de acceso controlada a aguas residuales procedentes de plantas de tratamiento de aguas residuales<br \/>\n01 UGW &#8211; Estaci\u00f3n de bombeo de aguas residuales, zona de acceso controlado<br \/>\n01 UNY &#8211; Implantaci\u00f3n de utilidades de calderas para calefacci\u00f3n central de las instalaciones<br \/>\n00 UZA &#8211; Servicios p\u00fablicos establecidos<br \/>\n01 UZA &#8211; Camino temporal para la gr\u00faa Demag<br \/>\n00 UEK &#8211; Almacenamiento de aceites y gas\u00f3leo<br \/>\n01 UBH &#8211; Drenaje de emergencia de transformadores de energ\u00eda y aceite<br \/>\n05 UGH &#8211; Unidad de filtrado<br \/>\n06 UGH &#8211; Alineaci\u00f3n radiogr\u00e1fica<br \/>\n00 UGH &#8211; Instalaciones de tratamiento de aguas pluviales en la parte 01<\/p>\n","protected":false},"excerpt":{"rendered":"<p>Fundada en 2011 por su director ejecutivo, Roin Baratashvili. La empresa cuenta con un equipo de profesionales con amplia experiencia [&hellip;]<\/p>\n","protected":false},"author":1,"featured_media":0,"parent":0,"menu_order":0,"comment_status":"closed","ping_status":"open","template":"","meta":{"footnotes":""},"class_list":["post-65800","page","type-page","status-publish","hentry"],"_links":{"self":[{"href":"https:\/\/roinworld.ae\/es\/wp-json\/wp\/v2\/pages\/65800","targetHints":{"allow":["GET"]}}],"collection":[{"href":"https:\/\/roinworld.ae\/es\/wp-json\/wp\/v2\/pages"}],"about":[{"href":"https:\/\/roinworld.ae\/es\/wp-json\/wp\/v2\/types\/page"}],"author":[{"embeddable":true,"href":"https:\/\/roinworld.ae\/es\/wp-json\/wp\/v2\/users\/1"}],"replies":[{"embeddable":true,"href":"https:\/\/roinworld.ae\/es\/wp-json\/wp\/v2\/comments?post=65800"}],"version-history":[{"count":6,"href":"https:\/\/roinworld.ae\/es\/wp-json\/wp\/v2\/pages\/65800\/revisions"}],"predecessor-version":[{"id":88110,"href":"https:\/\/roinworld.ae\/es\/wp-json\/wp\/v2\/pages\/65800\/revisions\/88110"}],"wp:attachment":[{"href":"https:\/\/roinworld.ae\/es\/wp-json\/wp\/v2\/media?parent=65800"}],"curies":[{"name":"wp","href":"https:\/\/api.w.org\/{rel}","templated":true}]}}